{"id":129,"date":"2020-02-22T12:27:00","date_gmt":"2020-02-22T11:27:00","guid":{"rendered":"https:\/\/camping.bossow.nu\/?page_id=2"},"modified":"2024-03-18T15:43:49","modified_gmt":"2024-03-18T15:43:49","slug":"eksempel-side","status":"publish","type":"page","link":"https:\/\/camping.bossow.me\/","title":{"rendered":"Velkommen til!"},"content":{"rendered":"\n<p class=\"has-drop-cap\">Dette er vores familieblog, hvor vi vil dele vores oplevelser som vaske \u00e6gte campister. Vi har i efter\u00e5ret 2019 k\u00f8bt vores egen lille ferieperle (Isabella Camp-let), og med den starter en ny livsstil for vores familie. En livsstil, hvor camping, familiegl\u00e6der, b\u00f8rneliv, natur og afslapning g\u00e5r h\u00e5nd i h\u00e5nd. Hvor campingoplevelser danner rammen for et frirummet, som kan v\u00e6re \u00f8nskv\u00e6rdigt for enhver b\u00f8rnefamilie med en lidt travl hverdag.<\/p>\n\n\n\n<p>Du kan f\u00f8lge med i vores rejser rundt omkring i Danmark og Europa. Vores plan er at bes\u00f8ge en masse sp\u00e6ndende steder og pr\u00f8ve en masse ting som famile. I bloggen vil vi samle vores ferieoplevelser, dele ud af vores ideer og forh\u00e5bentlig inspirere til yderligere campinggl\u00e6de for alle.<\/p>\n\n\n\n<p><\/p>\n\n\n<div class=\"wp-block-image\">\n<figure class=\"aligncenter size-large is-resized\"><img loading=\"lazy\" decoding=\"async\" width=\"1024\" height=\"496\" src=\"https:\/\/camping.bossow.me\/wp-content\/uploads\/2020\/07\/Camping07-1024x496.jpg\" alt=\"Marielyst_familecamping\" class=\"wp-image-89\" style=\"width:481px;height:auto\" srcset=\"https:\/\/camping.bossow.me\/wp-content\/uploads\/2020\/07\/Camping07-1024x496.jpg 1024w, https:\/\/camping.bossow.me\/wp-content\/uploads\/2020\/07\/Camping07-300x145.jpg 300w, https:\/\/camping.bossow.me\/wp-content\/uploads\/2020\/07\/Camping07-768x372.jpg 768w, https:\/\/camping.bossow.me\/wp-content\/uploads\/2020\/07\/Camping07.jpg 1280w\" sizes=\"(max-width: 1024px) 100vw, 1024px\" \/><\/figure><\/div>","protected":false},"excerpt":{"rendered":"<p>Dette er vores familieblog, hvor vi vil dele vores oplevelser som vaske \u00e6gte campister. Vi har i efter\u00e5ret 2019 k\u00f8bt vores egen lille ferieperle (Isabella Camp-let), og med den starter en ny livsstil for vores familie. En livsstil, hvor camping, familiegl\u00e6der, b\u00f8rneliv, natur og afslapning g\u00e5r h\u00e5nd i h\u00e5nd. Hvor campingoplevelser danner rammen for et &hellip; <a href=\"https:\/\/camping.bossow.me\/\" class=\"more-link\">L\u00e6s videre <span class=\"screen-reader-text\">Velkommen til!<\/span> <span class=\"meta-nav\">&rarr;<\/span><\/a><\/p>\n","protected":false},"author":3,"featured_media":0,"parent":0,"menu_order":0,"comment_status":"closed","ping_status":"open","template":"","meta":{"footnotes":""},"_links":{"self":[{"href":"https:\/\/camping.bossow.me\/index.php?rest_route=\/wp\/v2\/pages\/129"}],"collection":[{"href":"https:\/\/camping.bossow.me\/index.php?rest_route=\/wp\/v2\/pages"}],"about":[{"href":"https:\/\/camping.bossow.me\/index.php?rest_route=\/wp\/v2\/types\/page"}],"author":[{"embeddable":true,"href":"https:\/\/camping.bossow.me\/index.php?rest_route=\/wp\/v2\/users\/3"}],"replies":[{"embeddable":true,"href":"https:\/\/camping.bossow.me\/index.php?rest_route=%2Fwp%2Fv2%2Fcomments&post=129"}],"version-history":[{"count":2,"href":"https:\/\/camping.bossow.me\/index.php?rest_route=\/wp\/v2\/pages\/129\/revisions"}],"predecessor-version":[{"id":201,"href":"https:\/\/camping.bossow.me\/index.php?rest_route=\/wp\/v2\/pages\/129\/revisions\/201"}],"wp:attachment":[{"href":"https:\/\/camping.bossow.me\/index.php?rest_route=%2Fwp%2Fv2%2Fmedia&parent=129"}],"curies":[{"name":"wp","href":"https:\/\/api.w.org\/{rel}","templated":true}]}}